{"id":266,"date":"2022-08-10T16:59:16","date_gmt":"2022-08-10T16:59:16","guid":{"rendered":"https:\/\/asociacionaasa.es\/?page_id=266"},"modified":"2022-08-10T16:59:28","modified_gmt":"2022-08-10T16:59:28","slug":"que-es-aasa","status":"publish","type":"page","link":"https:\/\/asociacionaasa.es\/?page_id=266","title":{"rendered":"\u00bfQue es AASA?"},"content":{"rendered":"\n<p><strong>AASA<\/strong>, <em>Asociaci\u00f3n Cultural de Acci\u00f3n Social y Arte<\/em> es una asociaci\u00f3n cultural que surge con la intenci\u00f3n de abordar pr\u00e1cticas art\u00edsticas como acci\u00f3n social. La actividad de la asociaci\u00f3n comienza en el 2014 hasta la actualidad.<\/p>\n\n\n\n<p> Con nuestras iniciativas se pretende poner a la gente y sus relaciones por delante y encima de cualquier otro producto cultural. Llevamos a cabo actividades formativas, congresos, exposiciones y proyectos interdisciplinares en comunidades.<\/p>\n\n\n\n<p>La mayor\u00eda de las personas que formamos el equipo directivo de AASA somos artistas\/docentes\/investigadoras vinculadas a la Universidad de Ja\u00e9n que enfocamos nuestro trabajo de investigaci\u00f3n principalmente en torno a la creaci\u00f3n en pr\u00e1cticas art\u00edsticas intermedias, la investigaci\u00f3n art\u00edstica y la acci\u00f3n social a trav\u00e9s del arte.<\/p>\n\n\n\n<p>Nuestra particular manera de entender la actividad art\u00edstica y la conexi\u00f3n con la comunidad en los procesos de creaci\u00f3n, provocar\u00e1 la dinamizaci\u00f3n de las personas generando un espacio de producci\u00f3n art\u00edstica transdisciplinar y transgeneracional vinculado al territorio y a sus habitantes.<\/p>\n\n\n\n<p>Nuestra acci\u00f3n es <strong>La producci\u00f3n art\u00edstica en su diversidad de formas, interconectada con la acci\u00f3n social, el pensamiento cr\u00edtico, la difusi\u00f3n de ideas, obras y procedimientos, expandiendo de este modo la esfera p\u00fablica desde el arte contempor\u00e1neo a trav\u00e9s de las diversas formas de acci\u00f3n\/creaci\u00f3n\/investigaci\u00f3n.<\/strong><\/p>\n\n\n\n<p>Todos nuestros proyectos de acci\u00f3n generan conexiones din\u00e1micas y encuentros nacionales e internacionales entre AASA, artistas, colectivos y asociaciones, as\u00ed como las personas habitantes de las zonas de acci\u00f3n.<\/p>\n\n\n\n<p>El fundamento de nuestro trabajo son <strong>pr\u00e1cticas art\u00edsticas socialmente comprometidas con el entorno<\/strong>. La ecolog\u00eda, el feminismo, la participaci\u00f3n, la mediaci\u00f3n art\u00edstica, entre otros han compuesto una forma de hacer generada colectivamente que muestra los intereses y las sensibilidades que cruzan la comunidad art\u00edstica con inter\u00e9s en lo social. <\/p>\n\n\n\n<p>La actividad de AASA contempla el dise\u00f1o de actividades art\u00edsticas comunitarias, vecinales; proyectos enfocados a la implicaci\u00f3n de la ciudadan\u00eda en el \u00e1mbito art\u00edstico y el trabajo directo con el tejido art\u00edstico y social de la ciudad, siempre en di\u00e1logo con la escena internacional dedicada en este tipo de pr\u00e1cticas art\u00edsticas.<\/p>\n","protected":false},"excerpt":{"rendered":"<p>AASA, Asociaci\u00f3n Cultural de Acci\u00f3n Social y Arte es una asociaci\u00f3n cultural que surge con la intenci\u00f3n de abordar pr\u00e1cticas art\u00edsticas como acci\u00f3n social. La actividad de la asociaci\u00f3n comienza en el 2014 hasta la actualidad. Con nuestras iniciativas se pretende poner a la gente y sus relaciones por delante y encima de cualquier otro [&hellip;]<\/p>\n","protected":false},"author":1,"featured_media":0,"parent":0,"menu_order":0,"comment_status":"closed","ping_status":"closed","template":"","meta":{"om_disable_all_campaigns":false,"_monsterinsights_skip_tracking":false,"_monsterinsights_sitenote_active":false,"_monsterinsights_sitenote_note":"","_monsterinsights_sitenote_category":0,"footnotes":""},"class_list":["post-266","page","type-page","status-publish","czr-hentry"],"aioseo_notices":[],"jetpack_sharing_enabled":true,"_links":{"self":[{"href":"https:\/\/asociacionaasa.es\/index.php?rest_route=\/wp\/v2\/pages\/266","targetHints":{"allow":["GET"]}}],"collection":[{"href":"https:\/\/asociacionaasa.es\/index.php?rest_route=\/wp\/v2\/pages"}],"about":[{"href":"https:\/\/asociacionaasa.es\/index.php?rest_route=\/wp\/v2\/types\/page"}],"author":[{"embeddable":true,"href":"https:\/\/asociacionaasa.es\/index.php?rest_route=\/wp\/v2\/users\/1"}],"replies":[{"embeddable":true,"href":"https:\/\/asociacionaasa.es\/index.php?rest_route=%2Fwp%2Fv2%2Fcomments&post=266"}],"version-history":[{"count":1,"href":"https:\/\/asociacionaasa.es\/index.php?rest_route=\/wp\/v2\/pages\/266\/revisions"}],"predecessor-version":[{"id":267,"href":"https:\/\/asociacionaasa.es\/index.php?rest_route=\/wp\/v2\/pages\/266\/revisions\/267"}],"wp:attachment":[{"href":"https:\/\/asociacionaasa.es\/index.php?rest_route=%2Fwp%2Fv2%2Fmedia&parent=266"}],"curies":[{"name":"wp","href":"https:\/\/api.w.org\/{rel}","templated":true}]}}